{"id":1397,"date":"2020-11-19T15:30:53","date_gmt":"2020-11-19T15:30:53","guid":{"rendered":"https:\/\/rayna.uk\/?page_id=1397"},"modified":"2022-06-14T04:28:06","modified_gmt":"2022-06-14T03:28:06","slug":"returns-exchanges","status":"publish","type":"page","link":"https:\/\/rayna.uk\/es\/returns-exchanges\/","title":{"rendered":"Cambios &#038; Devoluciones"},"content":{"rendered":"\n<h3 class=\"wp-block-heading\">Introducci\u00f3n<\/h3>\n\n\n\n<p class=\"has-text-align-justify\">En www.rayna.uk puedes solicitar un cambio o anulaci\u00f3n del pedido si el producto presenta fallas de origen o si no cumple con las caracter\u00edsticas anunciadas en nuestro sitio web. Sin embargo, la Ley establece que no se realizan cambios si no te gust\u00f3 un producto. Para brindarte una mejor experiencia de compra, rayna.uk cuenta con una garant\u00eda voluntaria (adem\u00e1s de la garant\u00eda legal) de Satisfacci\u00f3n Garantizada, con la que puedes cambiar o anular un pedido dentro de los primeros 5 d\u00edas de recibido \u00e9ste, siempre que se cumplan los requisitos de satisfacci\u00f3n garantizada.<\/p>\n\n\n\n<p class=\"has-text-align-justify\">Si un pedido es anulado y existiese un pago asociado, se har\u00e1 una devoluci\u00f3n por el monto total del pedido, independiente del medio de pago.<\/p>\n\n\n\n<p class=\"has-text-align-justify\">En el caso espec\u00edfico de pago con tarjeta de cr\u00e9dito se enviar\u00e1 una anulaci\u00f3n directamente al proveedor del servicio. Si su pedido fue pagado por transferencia bancaria la devoluci\u00f3n de \u00e9sta se har\u00e1 efectiva entre 15 a 30 d\u00edas h\u00e1biles.<\/p>\n\n\n\n<p class=\"has-text-align-justify\">Si el pedido fue pagado por medio de \u00abpago efectivo\u00bb, puedes comunicarte con contacto@rayna.uk y brindar un n\u00famero de cuenta para hacerle efectivo el dep\u00f3sito, el cliente podr\u00e1 visualizar su pago al 5to d\u00eda de realizada la devoluci\u00f3n.<\/p>\n\n\n\n<h3 class=\"wp-block-heading\">Cambios de productos:<\/h3>\n\n\n\n<p class=\"has-text-align-justify\">El producto debe venir con sus etiquetas correspondientes y en perfecto estado, Si tu compra es anulada y existiese un pago asociado, se har\u00e1 una devoluci\u00f3n por el monto total de la compra, independiente del medio de pago.<\/p>\n","protected":false},"excerpt":{"rendered":"<p>Introducci\u00f3n En www.rayna.uk puedes solicitar un cambio o anulaci\u00f3n del pedido si el producto presenta fallas de origen o si no cumple con las caracter\u00edsticas anunciadas en nuestro sitio web. Sin embargo, la Ley establece que no se realizan cambios si no te gust\u00f3 un producto. Para brindarte una mejor experiencia de compra, rayna.uk cuenta [&hellip;]<\/p>\n","protected":false},"author":1,"featured_media":0,"parent":0,"menu_order":0,"comment_status":"closed","ping_status":"closed","template":"template-compact.php","meta":{"_acf_changed":false,"footnotes":""},"class_list":["post-1397","page","type-page","status-publish","hentry"],"aioseo_notices":[],"acf":[],"jetpack_sharing_enabled":true,"_links":{"self":[{"href":"https:\/\/rayna.uk\/es\/wp-json\/wp\/v2\/pages\/1397","targetHints":{"allow":["GET"]}}],"collection":[{"href":"https:\/\/rayna.uk\/es\/wp-json\/wp\/v2\/pages"}],"about":[{"href":"https:\/\/rayna.uk\/es\/wp-json\/wp\/v2\/types\/page"}],"author":[{"embeddable":true,"href":"https:\/\/rayna.uk\/es\/wp-json\/wp\/v2\/users\/1"}],"replies":[{"embeddable":true,"href":"https:\/\/rayna.uk\/es\/wp-json\/wp\/v2\/comments?post=1397"}],"version-history":[{"count":0,"href":"https:\/\/rayna.uk\/es\/wp-json\/wp\/v2\/pages\/1397\/revisions"}],"wp:attachment":[{"href":"https:\/\/rayna.uk\/es\/wp-json\/wp\/v2\/media?parent=1397"}],"curies":[{"name":"wp","href":"https:\/\/api.w.org\/{rel}","templated":true}]}}