{"id":1394,"date":"2020-11-19T15:30:38","date_gmt":"2020-11-19T15:30:38","guid":{"rendered":"https:\/\/rayna.uk\/?page_id=1394"},"modified":"2022-06-14T05:00:14","modified_gmt":"2022-06-14T04:00:14","slug":"terms-conditions","status":"publish","type":"page","link":"https:\/\/rayna.uk\/es\/terms-conditions\/","title":{"rendered":"T\u00e9rminos &#038; Condiciones"},"content":{"rendered":"\n<p class=\"has-text-align-justify\">El objeto de los presentes T\u00e9rminos &amp; Condiciones es regular el acceso y uso al sitio web https:\/\/Rayna.uk, entendi\u00e9ndose por este cualquier tipo de contenido, producto y\/o servicio que se encuentre a disposici\u00f3n del p\u00fablico dentro del dominio mencionado.<\/p>\n\n\n\n<p class=\"has-text-align-justify\">Rayna, quien se reserva la facultad de modificar en cualquier momento y sin previo aviso la presentaci\u00f3n, los contenidos, la funcionalidad, los productos, los servicios y la configuraci\u00f3n que pudiera estar contenida en este sitio web; en este sentido, el cliente reconoce y acepta que web en cualquier momento podr\u00e1 interrumpir, desactivar, modificar o cancelar cualquiera de los elementos que componen el sitio o el acceso a los mismos.<\/p>\n\n\n\n<p class=\"has-text-align-justify\">El sitio web se encuentra dirigido a personas que cuenten con la mayor\u00eda de edad, en ese sentido, el titular no tendr\u00e1 responsabilidad alguna por el incumplimiento de este requisito. El cliente declara ser mayor de edad y disponer de la capacidad jur\u00eddica necesaria para sujetarse a los presentes T\u00e9rminos y condiciones y\/o aceptar los dem\u00e1s documentos que se encuentren en https:\/\/Rayna.uk<\/p>\n\n\n\n<p class=\"has-text-align-justify\">Rayna se compromete a realizar su mejor esfuerzo para asegurar la disponibilidad continua de sus servicios, as\u00ed como para asegurar la ausencia de errores en cualquier transmisi\u00f3n de informaci\u00f3n que pudiera tener lugar en las transacciones; sin embargo, Rayna no se hace responsable cuando sus servicios se vean afectados por la naturaleza misma del internet. Asimismo, los clientes declaran conocer que el acceso a los servicios del sitio web podr\u00eda ocasionalmente verse suspendido o restringido por la realizaci\u00f3n de trabajos de mantenimiento o administraci\u00f3n de los productos ofertados.<\/p>\n\n\n\n<p class=\"has-text-align-justify\">Rayna podr\u00e1 actualizar y\/o modificar los presentes T\u00e9rminos y condiciones sin previo aviso. Por este motivo recomendamos revisar los T\u00e9rminos y Condiciones cada vez que utilice la p\u00e1gina web, ya que la versi\u00f3n aplicable ser\u00e1 la que se encuentre colgada al momento de la consulta.<\/p>\n\n\n\n<p class=\"has-text-align-justify\">Cualquier entrega de productos comprados a trav\u00e9s de este sitio web (despacho a domicilio), est\u00e1n limitadas a las condiciones territoriales y\/o restricciones legales que puedan imponer las autoridades. En caso se deba reprogramar alguna de las entregas programadas por responsabilidad no atribuible a Rayna, el equipo correspondiente se comunicar\u00e1 con el cliente para realizar las coordinaciones necesarias.<\/p>\n\n\n\n<p class=\"has-text-align-justify\">Nuestros procesos de manipulaci\u00f3n y entrega de productos cumplen con los est\u00e1ndares de salubridad establecidos por las autoridades correspondientes, a fin de disminuir al m\u00ednimo la exposici\u00f3n de nuestros colaboradores y clientes; sin perjuicio de ello recomendamos tomar todas las medidas necesarias para una adecuada prevenci\u00f3n, desinfectando los productos de manera adecuada en cuanto sean recibidos, ya que en algunos casos la entrega puede ser encargada a terceros ajenos a Rayna. Como parte de los protocolos de salubridad implementados durante el periodo de emergencia relacionado al COVID 19, el cliente podr\u00e1 elegir entre las siguientes opciones para recibir el producto comprado a trav\u00e9s de canales digitales: una captura de una imagen del documento de identidad de la persona que recibir\u00e1 el producto o lo recoger\u00e1 de los puntos de retiro en tienda o establecimientos comerciales afiliados, una foto de la persona sosteniendo el producto comprado o la firma del cargo de entrega, entendi\u00e9ndose cualquiera de estas acciones como se\u00f1al de conformidad. El tratamiento de los datos personales que se recopilen durante la vigencia de estas medidas excepcionales se realizar\u00e1 cumpliendo con los m\u00e1s alto est\u00e1ndares de seguridad y dichos datos ser\u00e1 almacenados por Rayna en un repositorio en la nube.<\/p>\n","protected":false},"excerpt":{"rendered":"<p>El objeto de los presentes T\u00e9rminos &amp; Condiciones es regular el acceso y uso al sitio web https:\/\/Rayna.uk, entendi\u00e9ndose por este cualquier tipo de contenido, producto y\/o servicio que se encuentre a disposici\u00f3n del p\u00fablico dentro del dominio mencionado. Rayna, quien se reserva la facultad de modificar en cualquier momento y sin previo aviso la [&hellip;]<\/p>\n","protected":false},"author":1,"featured_media":0,"parent":0,"menu_order":0,"comment_status":"closed","ping_status":"closed","template":"template-multi-cols.php","meta":{"_acf_changed":false,"footnotes":""},"class_list":["post-1394","page","type-page","status-publish","hentry"],"aioseo_notices":[],"acf":[],"jetpack_sharing_enabled":true,"_links":{"self":[{"href":"https:\/\/rayna.uk\/es\/wp-json\/wp\/v2\/pages\/1394","targetHints":{"allow":["GET"]}}],"collection":[{"href":"https:\/\/rayna.uk\/es\/wp-json\/wp\/v2\/pages"}],"about":[{"href":"https:\/\/rayna.uk\/es\/wp-json\/wp\/v2\/types\/page"}],"author":[{"embeddable":true,"href":"https:\/\/rayna.uk\/es\/wp-json\/wp\/v2\/users\/1"}],"replies":[{"embeddable":true,"href":"https:\/\/rayna.uk\/es\/wp-json\/wp\/v2\/comments?post=1394"}],"version-history":[{"count":0,"href":"https:\/\/rayna.uk\/es\/wp-json\/wp\/v2\/pages\/1394\/revisions"}],"wp:attachment":[{"href":"https:\/\/rayna.uk\/es\/wp-json\/wp\/v2\/media?parent=1394"}],"curies":[{"name":"wp","href":"https:\/\/api.w.org\/{rel}","templated":true}]}}