{"id":1391,"date":"2020-11-19T15:30:20","date_gmt":"2020-11-19T15:30:20","guid":{"rendered":"https:\/\/rayna.uk\/?page_id=1391"},"modified":"2022-06-14T04:42:09","modified_gmt":"2022-06-14T03:42:09","slug":"privacy-policy-2","status":"publish","type":"page","link":"https:\/\/rayna.uk\/es\/privacy-policy-2\/","title":{"rendered":"Pol\u00edtica de Privacidad"},"content":{"rendered":"\n<h3 class=\"wp-block-heading\">Generalidades<\/h3>\n\n\n\n<p class=\"has-text-align-justify\">La experiencia de comprar en www.Rayna.uk (el \u201cSitio\u201d) es c\u00f3moda, f\u00e1cil y segura. En este sentido, la empresa Rayna trabaja con los m\u00e1s altos est\u00e1ndares de seguridad y toda la informaci\u00f3n que los usuarios registran en el Sitio se mantiene de forma estrictamente confidencial.<\/p>\n\n\n\n<h3 class=\"wp-block-heading\">Medidas de Seguridad<\/h3>\n\n\n\n<p class=\"has-text-align-justify\">Para cumplir los objetivos de seguridad Rayna.uk cuenta con la tecnolog\u00eda SSL (Secure Sockets Layer) que asegura, tanto la autenticidad del Sitio, como el cifrado de toda la informaci\u00f3n que nos entrega el usuario. Cada vez que el usuario se registra en el Sitio y entrega informaci\u00f3n de car\u00e1cter personal, sin importar el lugar geogr\u00e1fico en donde se encuentre, a efectos de comprar un producto, el navegador por el cual ejecuta el acto se conecta al Sitio a trav\u00e9s del protocolo SSL que acredita que el usuario se encuentra efectivamente en el Sitio y en nuestros servidores (lo cual se aprecia con la aparici\u00f3n del c\u00f3digo HTTPS en la barra de direcciones del navegador). De esta forma se establece un m\u00e9todo de cifrado de la informaci\u00f3n entregada por el usuario y una clave de sesi\u00f3n \u00fanica. Esta tecnolog\u00eda permite que la informaci\u00f3n de car\u00e1cter personal del usuario, como su nombre, direcci\u00f3n y datos de tarjetas bancarias, sean codificadas antes para que no pueda ser le\u00edda cuando viaja a trav\u00e9s de Internet. Todos los certificados SSL se crean para un servidor particular, en un dominio espec\u00edfico y para una entidad comercial comprobada.<\/p>\n\n\n\n<h3 class=\"wp-block-heading\">Certificaciones<\/h3>\n\n\n\n<p class=\"has-text-align-justify\">Certificado de Seguridad SSL. Los certificados SSL protegen los datos personales de los clientes, incluyendo: domicilio, contrase\u00f1as, tarjetas bancarias, informaci\u00f3n de su identidad e historial de compras no ser\u00e1n divulgados. Esta tecnolog\u00eda tambi\u00e9n impide el acceso a la informaci\u00f3n por parte de terceros. Certificado del Sitio blindado, el Sitio es permanentemente sujeto a evaluaciones en tiempo real de posibles vulnerabilidades.<\/p>\n\n\n\n<h3 class=\"wp-block-heading\">Declaraci\u00f3n de Privacidad<\/h3>\n\n\n\n<p class=\"has-text-align-justify\">Rayna.uk no comunica ni cede a terceros, bajo ninguna circunstancia, los datos de car\u00e1cter personal registrados por los usuarios en el Sitio. Sin perjuicio de lo anterior, esta informaci\u00f3n podr\u00e1 ser tratada por Rayna.uk y sus asociados, \u00fanicamente para fines estad\u00edsticos y\/o para obtener una mejor comprensi\u00f3n de los perfiles de los usuarios y, as\u00ed, mejorar los productos ofrecidos en el Sitio.<\/p>\n\n\n\n<h3 class=\"wp-block-heading\">Informaci\u00f3n del Usuario<\/h3>\n\n\n\n<p class=\"has-text-align-justify\">Al registrarse en el Sitio se le solicitar\u00e1 al usuario solamente aquella informaci\u00f3n necesaria para el pago del producto y su posterior env\u00edo. En ning\u00fan caso, esta informaci\u00f3n ser\u00e1 comunicada o transmitida a terceros ajenos a Rayna.uk, as\u00ed mismo, no se almacena ni conserva la informaci\u00f3n de la tarjeta bancaria del usuario.<\/p>\n\n\n\n<h3 class=\"wp-block-heading\">Comunicaciones Promocionales o Publicitarias<\/h3>\n\n\n\n<p class=\"has-text-align-justify\">El usuario autoriza el env\u00edo de comunicaciones promocionales o publicitarias enviadas por correo electr\u00f3nico, sin perjuicio de lo anterior, en cualquier tiempo, el usuario podr\u00e1 solicitar la suspensi\u00f3n de las mismas, haciendo \u201cclic\u201d en el link dispuesto para ello. Rayna.uk puede tardar hasta siete d\u00edas para procesar tu solicitud.<\/p>\n\n\n\n<h3 class=\"wp-block-heading\">Otros sitios web<\/h3>\n\n\n\n<p class=\"has-text-align-justify\">A partir de la navegaci\u00f3n en el Sitio el usuario pudiese re direccionarse a otros sitios. Rayna.uk no es responsable de las pol\u00edticas de privacidad y seguridad de dichos sitios.<\/p>\n\n\n\n<h3 class=\"wp-block-heading\">Propiedad de la Informaci\u00f3n<\/h3>\n\n\n\n<p class=\"has-text-align-justify\">Toda la informaci\u00f3n del Sitio es propiedad de Rayna.uk por lo tanto, no se puede modificar, copiar, extraer o utilizar de otra manera sin el consentimiento previo, expreso y por escrito. De esta forma, el usuario que accede al Sitio es consciente que el mal uso de esta informaci\u00f3n puede derivar en la presentaci\u00f3n de acciones legales, civiles y penales.<\/p>\n\n\n\n<h3 class=\"wp-block-heading\">Datos Personales<\/h3>\n\n\n\n<p class=\"has-text-align-justify\">El usuario registrado podr\u00e1 ejercer sus derechos de informaci\u00f3n, modificaci\u00f3n, eliminaci\u00f3n, cancelaci\u00f3n y\/o bloqueo de sus datos personales cuando lo estime pertinente.<\/p>\n\n\n\n<p class=\"has-text-align-justify\">Rayna.uk pone a disposici\u00f3n del usuario una direcci\u00f3n de correo electr\u00f3nico contacto@rayna.uk y medios tecnol\u00f3gicos en el Sitio a disposici\u00f3n de \u00e9ste a efectos que pueda solicitar la modificaci\u00f3n y\/o correcci\u00f3n de sus datos personales.<\/p>\n","protected":false},"excerpt":{"rendered":"<p>Generalidades La experiencia de comprar en www.Rayna.uk (el \u201cSitio\u201d) es c\u00f3moda, f\u00e1cil y segura. En este sentido, la empresa Rayna trabaja con los m\u00e1s altos est\u00e1ndares de seguridad y toda la informaci\u00f3n que los usuarios registran en el Sitio se mantiene de forma estrictamente confidencial. Medidas de Seguridad Para cumplir los objetivos de seguridad Rayna.uk [&hellip;]<\/p>\n","protected":false},"author":1,"featured_media":0,"parent":0,"menu_order":0,"comment_status":"closed","ping_status":"closed","template":"template-compact.php","meta":{"_acf_changed":false,"footnotes":""},"class_list":["post-1391","page","type-page","status-publish","hentry"],"aioseo_notices":[],"acf":[],"jetpack_sharing_enabled":true,"_links":{"self":[{"href":"https:\/\/rayna.uk\/es\/wp-json\/wp\/v2\/pages\/1391","targetHints":{"allow":["GET"]}}],"collection":[{"href":"https:\/\/rayna.uk\/es\/wp-json\/wp\/v2\/pages"}],"about":[{"href":"https:\/\/rayna.uk\/es\/wp-json\/wp\/v2\/types\/page"}],"author":[{"embeddable":true,"href":"https:\/\/rayna.uk\/es\/wp-json\/wp\/v2\/users\/1"}],"replies":[{"embeddable":true,"href":"https:\/\/rayna.uk\/es\/wp-json\/wp\/v2\/comments?post=1391"}],"version-history":[{"count":0,"href":"https:\/\/rayna.uk\/es\/wp-json\/wp\/v2\/pages\/1391\/revisions"}],"wp:attachment":[{"href":"https:\/\/rayna.uk\/es\/wp-json\/wp\/v2\/media?parent=1391"}],"curies":[{"name":"wp","href":"https:\/\/api.w.org\/{rel}","templated":true}]}}