{"id":1384,"date":"2020-11-19T15:29:21","date_gmt":"2020-11-19T15:29:21","guid":{"rendered":"https:\/\/rayna.uk\/?page_id=1384"},"modified":"2025-06-11T07:51:46","modified_gmt":"2025-06-11T06:51:46","slug":"about-us","status":"publish","type":"page","link":"https:\/\/rayna.uk\/es\/about-us\/","title":{"rendered":"About us"},"content":{"rendered":"\t\t<div data-elementor-type=\"wp-page\" data-elementor-id=\"1384\" class=\"elementor elementor-1384\">\n\t\t\t\t\t\t<section class=\"elementor-section elementor-top-section elementor-element elementor-element-eed8e77 rey-section-stretched elementor-section-height-min-height elementor-section-items-bottom rey-section-bg--classic elementor-section-boxed elementor-section-height-default\" data-id=\"eed8e77\" data-element_type=\"section\" data-settings=\"{&quot;background_background&quot;:&quot;classic&quot;}\">\n\t\t\t\t\t\t<div class=\"elementor-container elementor-column-gap-default\">\n\t\t\t\t\t<div class=\"elementor-column elementor-col-100 elementor-top-column elementor-element elementor-element-2a4eef0\" data-id=\"2a4eef0\" data-element_type=\"column\">\n\t\t\t<div class=\"elementor-column-wrap--2a4eef0 elementor-widget-wrap elementor-element-populated\">\n\t\t\t\t\t\t<div class=\"elementor-element elementor-element-1ba7adb el-mark--out elementor-widget elementor-widget-heading\" data-id=\"1ba7adb\" data-element_type=\"widget\" data-widget_type=\"heading.default\">\n\t\t\t\t<div class=\"elementor-widget-container\">\n\t\t\t\t\t<h1 class=\"elementor-heading-title elementor-size-default\">Our Story<\/h1>\t\t\t\t<\/div>\n\t\t\t\t<\/div>\n\t\t\t\t<div class=\"elementor-element elementor-element-488ff15 elementor-widget elementor-widget-reycore-scroll-decorations\" data-id=\"488ff15\" data-element_type=\"widget\" data-widget_type=\"reycore-scroll-decorations.default\">\n\t\t\t\t<div class=\"elementor-widget-container\">\n\t\t\t\t\t\t\t<a href=\"#\" class=\"rey-scrollDeco rey-scrollDeco--default\" data-target=\"next\" data-lazy-hidden>\n\t\t\n\t\t\n\t\t<span class=\"rey-scrollDeco-line\"><\/span>\n\n\t\t<\/a>\t\t\t\t<\/div>\n\t\t\t\t<\/div>\n\t\t\t\t\t<\/div>\n\t\t<\/div>\n\t\t\t\t\t<\/div>\n\t\t<\/section>\n\t\t\t\t<section class=\"elementor-section elementor-top-section elementor-element elementor-element-2d428de elementor-section-boxed elementor-section-height-default elementor-section-height-default\" data-id=\"2d428de\" data-element_type=\"section\">\n\t\t\t\t\t\t<div class=\"elementor-container elementor-column-gap-default\">\n\t\t\t\t\t<div class=\"elementor-column elementor-col-100 elementor-top-column elementor-element elementor-element-4e41d36\" data-id=\"4e41d36\" data-element_type=\"column\">\n\t\t\t<div class=\"elementor-column-wrap--4e41d36 elementor-widget-wrap elementor-element-populated\">\n\t\t\t\t\t\t<div class=\"elementor-element elementor-element-029c20c elementor-widget elementor-widget-heading\" data-id=\"029c20c\" data-element_type=\"widget\" data-widget_type=\"heading.default\">\n\t\t\t\t<div class=\"elementor-widget-container\">\n\t\t\t\t\t<h3 class=\"elementor-heading-title elementor-size-xl\">I'm Rayna<\/h3>\t\t\t\t<\/div>\n\t\t\t\t<\/div>\n\t\t\t\t<div class=\"elementor-element elementor-element-491c940 elementor-widget elementor-widget-text-editor\" data-id=\"491c940\" data-element_type=\"widget\" data-widget_type=\"text-editor.default\">\n\t\t\t\t<div class=\"elementor-widget-container\">\n\t\t\t\t\t\t\t\t\t<p>Desde hace miles de a\u00f1os las personas buscamos satisfacer una de nuestras necesidades b\u00e1sicas <strong>VESTIRNOS<\/strong>. Creemos que vestir no solo es una necesidad, sino una expresi\u00f3n profunda de identidad, elegancia y car\u00e1cter. Conjugamos confort y belleza para que cada prenda que llevas hable por ti.<\/p>\t\t\t\t\t\t\t\t<\/div>\n\t\t\t\t<\/div>\n\t\t\t\t<div class=\"elementor-element elementor-element-f786196 elementor-widget elementor-widget-image\" data-id=\"f786196\" data-element_type=\"widget\" data-widget_type=\"image.default\">\n\t\t\t\t<div class=\"elementor-widget-container\">\n\t\t\t\t\t\t\t\t\t\t\t\t\t\t\t<img fetchpriority=\"high\" decoding=\"async\" width=\"1046\" height=\"396\" src=\"https:\/\/rayna.uk\/wp-content\/uploads\/2022\/09\/firma_rayna.png\" class=\"attachment-full size-full wp-image-2544\" alt=\"\" srcset=\"https:\/\/rayna.uk\/wp-content\/uploads\/2022\/09\/firma_rayna.png 1046w, https:\/\/rayna.uk\/wp-content\/uploads\/2022\/09\/firma_rayna-300x114.png 300w, https:\/\/rayna.uk\/wp-content\/uploads\/2022\/09\/firma_rayna-1024x388.png 1024w, https:\/\/rayna.uk\/wp-content\/uploads\/2022\/09\/firma_rayna-768x291.png 768w, https:\/\/rayna.uk\/wp-content\/uploads\/2022\/09\/firma_rayna-800x303.png 800w\" sizes=\"(max-width: 1046px) 100vw, 1046px\" \/>\t\t\t\t\t\t\t\t\t\t\t\t\t\t\t<\/div>\n\t\t\t\t<\/div>\n\t\t\t\t\t<\/div>\n\t\t<\/div>\n\t\t\t\t\t<\/div>\n\t\t<\/section>\n\t\t\t\t<section class=\"elementor-section elementor-top-section elementor-element elementor-element-e3730a9 elementor-section-boxed elementor-section-height-default elementor-section-height-default\" data-id=\"e3730a9\" data-element_type=\"section\">\n\t\t\t\t\t\t<div class=\"elementor-container elementor-column-gap-no\">\n\t\t\t\t\t<div class=\"elementor-column elementor-col-50 elementor-top-column elementor-element elementor-element-8907dae rey-colbg--classic\" data-id=\"8907dae\" data-element_type=\"column\" data-settings=\"{&quot;background_background&quot;:&quot;classic&quot;}\">\n\t\t\t<div class=\"elementor-column-wrap--8907dae elementor-widget-wrap elementor-element-populated\">\n\t\t\t\t\t\t<div class=\"elementor-element elementor-element-b451dd6 elementor-widget elementor-widget-heading\" data-id=\"b451dd6\" data-element_type=\"widget\" data-widget_type=\"heading.default\">\n\t\t\t\t<div class=\"elementor-widget-container\">\n\t\t\t\t\t<h2 class=\"elementor-heading-title elementor-size-default\">Nuestro comienzo\u2026<\/h2>\t\t\t\t<\/div>\n\t\t\t\t<\/div>\n\t\t\t\t<div class=\"elementor-element elementor-element-d827f08 elementor-widget elementor-widget-text-editor\" data-id=\"d827f08\" data-element_type=\"widget\" data-widget_type=\"text-editor.default\">\n\t\t\t\t<div class=\"elementor-widget-container\">\n\t\t\t\t\t\t\t\t\t<p data-start=\"591\" data-end=\"924\">En Rayna London, hemos conformado un equipo con trayectoria en las principales capitales de la moda: Reino Unido, Italia, Francia y Estados Unidos.<br data-start=\"742\" data-end=\"745\" \/>Esta herencia multicultural nos permite ofrecer prendas que integran sofisticaci\u00f3n, dise\u00f1o atemporal y calidad impecable, adaptadas a la personalidad y estilo de cada cliente. Cada pieza que creamos nace con la intenci\u00f3n de destacar tu esencia, de acompa\u00f1arte con distinci\u00f3n y sutileza en cada ocasi\u00f3n.<\/p>\t\t\t\t\t\t\t\t<\/div>\n\t\t\t\t<\/div>\n\t\t\t\t\t<\/div>\n\t\t<\/div>\n\t\t\t\t<div class=\"elementor-column elementor-col-50 elementor-top-column elementor-element elementor-element-4a1ba44 rey-colbg--classic\" data-id=\"4a1ba44\" data-element_type=\"column\" data-settings=\"{&quot;background_background&quot;:&quot;classic&quot;}\">\n\t\t\t<div class=\"elementor-column-wrap--4a1ba44 elementor-widget-wrap elementor-element-populated\">\n\t\t\t\t\t\t<div class=\"elementor-element elementor-element-0f3cfc5 elementor-widget elementor-widget-image\" data-id=\"0f3cfc5\" data-element_type=\"widget\" data-widget_type=\"image.default\">\n\t\t\t\t<div class=\"elementor-widget-container\">\n\t\t\t\t\t\t\t\t\t\t\t\t\t\t\t<img decoding=\"async\" width=\"1024\" height=\"683\" src=\"https:\/\/rayna.uk\/wp-content\/uploads\/2023\/06\/our_story1-1024x683.jpg\" class=\"attachment-large size-large wp-image-2902\" alt=\"\" srcset=\"https:\/\/rayna.uk\/wp-content\/uploads\/2023\/06\/our_story1-1024x683.jpg 1024w, https:\/\/rayna.uk\/wp-content\/uploads\/2023\/06\/our_story1-300x200.jpg 300w, https:\/\/rayna.uk\/wp-content\/uploads\/2023\/06\/our_story1-768x512.jpg 768w, https:\/\/rayna.uk\/wp-content\/uploads\/2023\/06\/our_story1-1320x881.jpg 1320w, https:\/\/rayna.uk\/wp-content\/uploads\/2023\/06\/our_story1-800x534.jpg 800w, https:\/\/rayna.uk\/wp-content\/uploads\/2023\/06\/our_story1.jpg 1382w\" sizes=\"(max-width: 1024px) 100vw, 1024px\" \/>\t\t\t\t\t\t\t\t\t\t\t\t\t\t\t<\/div>\n\t\t\t\t<\/div>\n\t\t\t\t\t<\/div>\n\t\t<\/div>\n\t\t\t\t\t<\/div>\n\t\t<\/section>\n\t\t\t\t<section class=\"elementor-section elementor-top-section elementor-element elementor-element-ae3cbf3 elementor-section-boxed elementor-section-height-default elementor-section-height-default\" data-id=\"ae3cbf3\" data-element_type=\"section\">\n\t\t\t\t\t\t<div class=\"elementor-container elementor-column-gap-no\">\n\t\t\t\t\t<div class=\"elementor-column elementor-col-50 elementor-top-column elementor-element elementor-element-512153c rey-colbg--classic\" data-id=\"512153c\" data-element_type=\"column\" data-settings=\"{&quot;background_background&quot;:&quot;classic&quot;}\">\n\t\t\t<div class=\"elementor-column-wrap--512153c elementor-widget-wrap elementor-element-populated\">\n\t\t\t\t\t\t<div class=\"elementor-element elementor-element-bd78ef1 elementor-widget elementor-widget-image\" data-id=\"bd78ef1\" data-element_type=\"widget\" data-widget_type=\"image.default\">\n\t\t\t\t<div class=\"elementor-widget-container\">\n\t\t\t\t\t\t\t\t\t\t\t\t\t\t\t<img decoding=\"async\" width=\"825\" height=\"510\" src=\"https:\/\/rayna.uk\/wp-content\/uploads\/2023\/06\/our_story2.jpg\" class=\"attachment-full size-full wp-image-2903\" alt=\"\" srcset=\"https:\/\/rayna.uk\/wp-content\/uploads\/2023\/06\/our_story2.jpg 825w, https:\/\/rayna.uk\/wp-content\/uploads\/2023\/06\/our_story2-300x185.jpg 300w, https:\/\/rayna.uk\/wp-content\/uploads\/2023\/06\/our_story2-768x475.jpg 768w, https:\/\/rayna.uk\/wp-content\/uploads\/2023\/06\/our_story2-800x495.jpg 800w\" sizes=\"(max-width: 825px) 100vw, 825px\" \/>\t\t\t\t\t\t\t\t\t\t\t\t\t\t\t<\/div>\n\t\t\t\t<\/div>\n\t\t\t\t\t<\/div>\n\t\t<\/div>\n\t\t\t\t<div class=\"elementor-column elementor-col-50 elementor-top-column elementor-element elementor-element-e0fab34 rey-colbg--classic\" data-id=\"e0fab34\" data-element_type=\"column\" data-settings=\"{&quot;background_background&quot;:&quot;classic&quot;}\">\n\t\t\t<div class=\"elementor-column-wrap--e0fab34 elementor-widget-wrap elementor-element-populated\">\n\t\t\t\t\t\t<div class=\"elementor-element elementor-element-d4cecf3 elementor-widget elementor-widget-heading\" data-id=\"d4cecf3\" data-element_type=\"widget\" data-widget_type=\"heading.default\">\n\t\t\t\t<div class=\"elementor-widget-container\">\n\t\t\t\t\t<h2 class=\"elementor-heading-title elementor-size-default\">Altos est\u00e1ndares\u2026<\/h2>\t\t\t\t<\/div>\n\t\t\t\t<\/div>\n\t\t\t\t<div class=\"elementor-element elementor-element-65cc2ea elementor-widget elementor-widget-text-editor\" data-id=\"65cc2ea\" data-element_type=\"widget\" data-widget_type=\"text-editor.default\">\n\t\t\t\t<div class=\"elementor-widget-container\">\n\t\t\t\t\t\t\t\t\t<p data-start=\"1090\" data-end=\"1293\">Solo empleamos materiales de excelencia y t\u00e9cnicas de confecci\u00f3n que responden a los m\u00e1s altos niveles de exigencia. Ninguna prenda es entregada sin haber superado rigurosos controles de calidad.<\/p><p data-start=\"1295\" data-end=\"1676\">Pero la elegancia no est\u00e1 solo en lo que se viste, sino tambi\u00e9n en c\u00f3mo se es atendido.<br data-start=\"1386\" data-end=\"1389\" \/>Por ello, en Rayna London, nos comprometemos a ofrecerte un servicio personalizado, cercano y altamente profesional.\u00a0Nuestro equipo recibe una formaci\u00f3n constante para orientarte con calidez y criterio, asegurando que tu experiencia sea tan satisfactoria como la prenda que elijas.<\/p><p data-start=\"1678\" data-end=\"1757\"><strong>Rayna London<\/strong>: una marca que te acompa\u00f1a con estilo, confianza y excelencia.<\/p>\t\t\t\t\t\t\t\t<\/div>\n\t\t\t\t<\/div>\n\t\t\t\t\t<\/div>\n\t\t<\/div>\n\t\t\t\t\t<\/div>\n\t\t<\/section>\n\t\t\t\t<\/div>\n\t\t","protected":false},"excerpt":{"rendered":"<p>Our Story I&#8217;m Rayna Desde hace miles de a\u00f1os las personas buscamos satisfacer una de nuestras necesidades b\u00e1sicas VESTIRNOS. Creemos que vestir no solo es una necesidad, sino una expresi\u00f3n profunda de identidad, elegancia y car\u00e1cter. Conjugamos confort y belleza para que cada prenda que llevas hable por ti. Nuestro comienzo\u2026 En Rayna London, hemos [&hellip;]<\/p>\n","protected":false},"author":1,"featured_media":0,"parent":0,"menu_order":0,"comment_status":"closed","ping_status":"closed","template":"template-builder.php","meta":{"_acf_changed":false,"footnotes":""},"class_list":["post-1384","page","type-page","status-publish","hentry"],"aioseo_notices":[],"acf":[],"jetpack_sharing_enabled":true,"_links":{"self":[{"href":"https:\/\/rayna.uk\/es\/wp-json\/wp\/v2\/pages\/1384","targetHints":{"allow":["GET"]}}],"collection":[{"href":"https:\/\/rayna.uk\/es\/wp-json\/wp\/v2\/pages"}],"about":[{"href":"https:\/\/rayna.uk\/es\/wp-json\/wp\/v2\/types\/page"}],"author":[{"embeddable":true,"href":"https:\/\/rayna.uk\/es\/wp-json\/wp\/v2\/users\/1"}],"replies":[{"embeddable":true,"href":"https:\/\/rayna.uk\/es\/wp-json\/wp\/v2\/comments?post=1384"}],"version-history":[{"count":0,"href":"https:\/\/rayna.uk\/es\/wp-json\/wp\/v2\/pages\/1384\/revisions"}],"wp:attachment":[{"href":"https:\/\/rayna.uk\/es\/wp-json\/wp\/v2\/media?parent=1384"}],"curies":[{"name":"wp","href":"https:\/\/api.w.org\/{rel}","templated":true}]}}